{"id":1725,"date":"2021-05-01T23:14:40","date_gmt":"2021-05-01T23:14:40","guid":{"rendered":"https:\/\/pacojordan.com\/?page_id=1725"},"modified":"2021-05-10T15:55:15","modified_gmt":"2021-05-10T15:55:15","slug":"contacto","status":"publish","type":"page","link":"https:\/\/pacojordan.com\/?page_id=1725","title":{"rendered":"Contacto"},"content":{"rendered":"\t\t<div data-elementor-type=\"wp-page\" data-elementor-id=\"1725\" class=\"elementor elementor-1725\" data-elementor-settings=\"[]\">\n\t\t\t<div class=\"elementor-inner\">\n\t\t\t\t<div class=\"elementor-section-wrap\">\n\t\t\t\t\t\t\t<section class=\"elementor-element elementor-element-7d97ab7a elementor-section-full_width elementor-section-height-default elementor-section-height-default elementor-section elementor-top-section\" data-id=\"7d97ab7a\" data-element_type=\"section\">\n\t\t\t\t\t\t\t<div class=\"elementor-background-overlay\"><\/div>\n\t\t\t\t\t\t\t<div class=\"elementor-container elementor-column-gap-default\">\n\t\t\t\t<div class=\"elementor-row\">\n\t\t\t\t<div class=\"elementor-element elementor-element-208136fa elementor-column elementor-col-100 elementor-top-column\" data-id=\"208136fa\" data-element_type=\"column\">\n\t\t\t<div class=\"elementor-column-wrap  elementor-element-populated\">\n\t\t\t\t\t<div class=\"elementor-widget-wrap\">\n\t\t\t\t<div class=\"elementor-element elementor-element-3cb7e647 elementor-widget elementor-widget-image\" data-id=\"3cb7e647\" data-element_type=\"widget\" data-widget_type=\"image.default\">\n\t\t\t\t<div class=\"elementor-widget-container\">\n\t\t\t\t\t<div class=\"elementor-image\">\n\t\t\t\t\t\t\t\t\t\t<img src=\"https:\/\/pacojordan.com\/wp-content\/uploads\/elementor\/thumbs\/Trabajador-NY-2-scaled-oqmnn03ibrpsuny4fkq204e6apn4dbgtds4nupkp58.jpg\" title=\"Trabajador NY 2\" alt=\"Trabajador NY 2\" \/>\t\t\t\t\t\t\t\t\t\t\t<\/div>\n\t\t\t\t<\/div>\n\t\t\t\t<\/div>\n\t\t\t\t\t\t<\/div>\n\t\t\t<\/div>\n\t\t<\/div>\n\t\t\t\t\t\t<\/div>\n\t\t\t<\/div>\n\t\t<\/section>\n\t\t\t\t<section class=\"elementor-element elementor-element-7c0e7167 elementor-section-boxed elementor-section-height-default elementor-section-height-default elementor-section elementor-top-section\" data-id=\"7c0e7167\" data-element_type=\"section\">\n\t\t\t\t\t\t<div class=\"elementor-container elementor-column-gap-default\">\n\t\t\t\t<div class=\"elementor-row\">\n\t\t\t\t<div class=\"elementor-element elementor-element-4bf0328a elementor-column elementor-col-100 elementor-top-column\" data-id=\"4bf0328a\" data-element_type=\"column\">\n\t\t\t<div class=\"elementor-column-wrap  elementor-element-populated\">\n\t\t\t\t\t<div class=\"elementor-widget-wrap\">\n\t\t\t\t<div class=\"elementor-element elementor-element-150eeaeb elementor-widget elementor-widget-text-editor\" data-id=\"150eeaeb\" data-element_type=\"widget\" data-widget_type=\"text-editor.default\">\n\t\t\t\t<div class=\"elementor-widget-container\">\n\t\t\t\t\t<div class=\"elementor-text-editor elementor-clearfix\"><p id=\"tw-target-text\" class=\"tw-data-text tw-text-large XcVN5d tw-ta\" dir=\"ltr\" data-placeholder=\"Traducci\u00f3n\"><strong><span lang=\"es\">Si necesita m\u00e1s ayuda, complete el siguiente formulario.<\/span><\/strong><\/p><\/div>\n\t\t\t\t<\/div>\n\t\t\t\t<\/div>\n\t\t\t\t\t\t<\/div>\n\t\t\t<\/div>\n\t\t<\/div>\n\t\t\t\t\t\t<\/div>\n\t\t\t<\/div>\n\t\t<\/section>\n\t\t\t\t<section class=\"elementor-element elementor-element-d03514d elementor-section-boxed elementor-section-height-default elementor-section-height-default elementor-section elementor-top-section\" data-id=\"d03514d\" data-element_type=\"section\">\n\t\t\t\t\t\t<div class=\"elementor-container elementor-column-gap-default\">\n\t\t\t\t<div class=\"elementor-row\">\n\t\t\t\t<div class=\"elementor-element elementor-element-1fb497a2 elementor-column elementor-col-100 elementor-top-column\" data-id=\"1fb497a2\" data-element_type=\"column\">\n\t\t\t<div class=\"elementor-column-wrap  elementor-element-populated\">\n\t\t\t\t\t<div class=\"elementor-widget-wrap\">\n\t\t\t\t<div class=\"elementor-element elementor-element-2f890394 elementor-button-align-start elementor-widget elementor-widget-form\" data-id=\"2f890394\" data-element_type=\"widget\" data-widget_type=\"form.default\">\n\t\t\t\t<div class=\"elementor-widget-container\">\n\t\t\t\t\t<form class=\"elementor-form\" method=\"post\" name=\"Formulario de contacto\">\n\t\t\t<input type=\"hidden\" name=\"post_id\" value=\"1725\"\/>\n\t\t\t<input type=\"hidden\" name=\"form_id\" value=\"2f890394\"\/>\n\n\t\t\t<div class=\"elementor-form-fields-wrapper elementor-labels-above\">\n\t\t\t\t\t\t\t\t<div class=\"elementor-field-type-text elementor-field-group elementor-column elementor-field-group-name elementor-col-100 elementor-field-required elementor-mark-required\">\n\t\t\t\t\t<label for=\"form-field-name\" class=\"elementor-field-label\">Nombre<\/label><input size=\"1\" type=\"text\" name=\"form_fields[name]\" id=\"form-field-name\" class=\"elementor-field elementor-size-md  elementor-field-textual\" placeholder=\"Nombre\" required=\"required\" aria-required=\"true\">\t\t\t\t<\/div>\n\t\t\t\t\t\t\t\t<div class=\"elementor-field-type-email elementor-field-group elementor-column elementor-field-group-email elementor-col-100 elementor-field-required elementor-mark-required\">\n\t\t\t\t\t<label for=\"form-field-email\" class=\"elementor-field-label\">Email<\/label><input size=\"1\" type=\"email\" name=\"form_fields[email]\" id=\"form-field-email\" class=\"elementor-field elementor-size-md  elementor-field-textual\" placeholder=\"Mail\" required=\"required\" aria-required=\"true\">\t\t\t\t<\/div>\n\t\t\t\t\t\t\t\t<div class=\"elementor-field-type-textarea elementor-field-group elementor-column elementor-field-group-message elementor-col-100 elementor-field-required elementor-mark-required\">\n\t\t\t\t\t<label for=\"form-field-message\" class=\"elementor-field-label\">Mensaje<\/label><textarea class=\"elementor-field-textual elementor-field  elementor-size-md\" name=\"form_fields[message]\" id=\"form-field-message\" rows=\"4\" placeholder=\"Mensaje\" required=\"required\" aria-required=\"true\"><\/textarea>\t\t\t\t<\/div>\n\t\t\t\t\t\t\t\t<div class=\"elementor-field-type-checkbox elementor-field-group elementor-column elementor-field-group-field_2 elementor-col-100\">\n\t\t\t\t\t<div class=\"elementor-field-subgroup  elementor-subgroup-inline\"><span class=\"elementor-field-option\"><input type=\"checkbox\" value=\"Responsable: D. FRANCISCO JORD\u00c1N V\u00c1ZQUEZ\" id=\"form-field-field_2-0\" name=\"form_fields[field_2][]\"> <label for=\"form-field-field_2-0\">Responsable: D. FRANCISCO JORD\u00c1N V\u00c1ZQUEZ<\/label><\/span><span class=\"elementor-field-option\"><input type=\"checkbox\" value=\"Finalidad: Atenci\u00f3n de solicitudes de informaci\u00f3n\" id=\"form-field-field_2-1\" name=\"form_fields[field_2][]\"> <label for=\"form-field-field_2-1\">Finalidad: Atenci\u00f3n de solicitudes de informaci\u00f3n<\/label><\/span><span class=\"elementor-field-option\"><input type=\"checkbox\" value=\"Legitimaci\u00f3n: Consentimiento del interesado\" id=\"form-field-field_2-2\" name=\"form_fields[field_2][]\"> <label for=\"form-field-field_2-2\">Legitimaci\u00f3n: Consentimiento del interesado<\/label><\/span><span class=\"elementor-field-option\"><input type=\"checkbox\" value=\"Destinatarios: Los datos que nos facilitas estar\u00e1n ubicados en los servidores de Mailerlite cuya pol\u00edtica de privacidad est\u00e1 accesible a trav\u00e9s del siguiente link \" id=\"form-field-field_2-3\" name=\"form_fields[field_2][]\"> <label for=\"form-field-field_2-3\">Destinatarios: Los datos que nos facilitas estar\u00e1n ubicados en los servidores de Mailerlite cuya pol\u00edtica de privacidad est\u00e1 accesible a trav\u00e9s del siguiente link <\/label><\/span><span class=\"elementor-field-option\"><input type=\"checkbox\" value=\" https:\/\/www.mailerlite.com\/legal\/privacy-policy\" id=\"form-field-field_2-4\" name=\"form_fields[field_2][]\"> <label for=\"form-field-field_2-4\"> https:\/\/www.mailerlite.com\/legal\/privacy-policy<\/label><\/span><span class=\"elementor-field-option\"><input type=\"checkbox\" value=\"Derechos: acceso, rectificaci\u00f3n, supresi\u00f3n, limitaci\u00f3n de tratamiento, u oposici\u00f3n al tratamiento, as\u00ed como el derecho a la portabilidad de los datos\" id=\"form-field-field_2-5\" name=\"form_fields[field_2][]\"> <label for=\"form-field-field_2-5\">Derechos: acceso, rectificaci\u00f3n, supresi\u00f3n, limitaci\u00f3n de tratamiento, u oposici\u00f3n al tratamiento, as\u00ed como el derecho a la portabilidad de los datos<\/label><\/span><\/div>\t\t\t\t<\/div>\n\t\t\t\t\t\t\t\t<div class=\"elementor-field-type-acceptance elementor-field-group elementor-column elementor-field-group-field_1 elementor-col-100 elementor-field-required elementor-mark-required\">\n\t\t\t\t\t<label for=\"form-field-field_1\" class=\"elementor-field-label\">Consentimiento<\/label><div class=\"elementor-field-subgroup\"><span class=\"elementor-field-option\"><input type=\"checkbox\" name=\"form_fields[field_1]\" id=\"form-field-field_1\" class=\"elementor-field elementor-size-md  elementor-acceptance-field\" required=\"required\" aria-required=\"true\"> <label for=\"form-field-field_1\">He le\u00eddo y acepto la <a href=\"https:\/\/pacojordan.com\/?page_id=517\" target=\"_blank\" rel=\"noopener\">pol\u00edtica de privacidad.<\/a><\/label><\/span><\/div>\t\t\t\t<\/div>\n\t\t\t\t\t\t\t\t<div class=\"elementor-field-group elementor-column elementor-field-type-submit elementor-col-100\">\n\t\t\t\t\t<button type=\"submit\" class=\"elementor-button elementor-size-sm\">\n\t\t\t\t\t\t<span >\n\t\t\t\t\t\t\t\t\t\t\t\t\t\t\t<span class=\" elementor-button-icon\">\n\t\t\t\t\t\t\t\t\t\t\t\t\t\t\t\t\t\t\t\t\t\t\t\t\t\t<\/span>\n\t\t\t\t\t\t\t\t\t\t\t\t\t\t\t\t\t\t\t\t\t\t<span class=\"elementor-button-text\">ENVIAR<\/span>\n\t\t\t\t\t\t\t\t\t\t\t\t\t<\/span>\n\t\t\t\t\t<\/button>\n\t\t\t\t<\/div>\n\t\t\t<\/div>\n\t\t<\/form>\n\t\t\t\t<\/div>\n\t\t\t\t<\/div>\n\t\t\t\t\t\t<\/div>\n\t\t\t<\/div>\n\t\t<\/div>\n\t\t\t\t\t\t<\/div>\n\t\t\t<\/div>\n\t\t<\/section>\n\t\t\t\t<section class=\"elementor-element elementor-element-ed63908 elementor-section-full_width elementor-section-height-default elementor-section-height-default elementor-section elementor-top-section\" data-id=\"ed63908\" data-element_type=\"section\">\n\t\t\t\t\t\t<div class=\"elementor-container elementor-column-gap-default\">\n\t\t\t\t<div class=\"elementor-row\">\n\t\t\t\t<div class=\"elementor-element elementor-element-60c5ed8c elementor-column elementor-col-100 elementor-top-column\" data-id=\"60c5ed8c\" data-element_type=\"column\">\n\t\t\t<div class=\"elementor-column-wrap  elementor-element-populated\">\n\t\t\t\t\t<div class=\"elementor-widget-wrap\">\n\t\t\t\t<div class=\"elementor-element elementor-element-4a16ad87 elementor-widget elementor-widget-text-editor\" data-id=\"4a16ad87\" data-element_type=\"widget\" data-widget_type=\"text-editor.default\">\n\t\t\t\t<div class=\"elementor-widget-container\">\n\t\t\t\t\t<div class=\"elementor-text-editor elementor-clearfix\"><p style=\"text-align: center;\">Paco Jord\u00e1n \u00a9 2020<\/p><p style=\"text-align: center;\">\u00a0 \u00a0 \u00a0 \u00a0 \u00a0 \u00a0 \u00a0 \u00a0 \u00a0 \u00a0 \u00a0 \u00a0 \u00a0 \u00a0 \u00a0 \u00a0 \u00a0 \u00a0 \u00a0 \u00a0 \u00a0 \u00a0 \u00a0 \u00a0 \u00a0 \u00a0 \u00a0 \u00a0 \u00a0 \u00a0 \u00a0 \u00a0 \u00a0 \u00a0 \u00a0 \u00a0 \u00a0 \u00a0 \u00a0 \u00a0 \u00a0 <a href=\"https:\/\/pacojordan.com\/?page_id=1070\">\u00a0 Condiciones de contrataci\u00f3n\u00a0<\/a> \u00a0<a href=\"https:\/\/pacojordan.com\/?page_id=1081\">Aviso legal\u00a0<\/a> <a href=\"https:\/\/pacojordan.com\/?page_id=517\">\u00a0Pol\u00edtica de privacidad<\/a>\u00a0 \u00a0 \u00a0 \u00a0 \u00a0 \u00a0 \u00a0 \u00a0 \u00a0 \u00a0 \u00a0 \u00a0 \u00a0 \u00a0 \u00a0 \u00a0 \u00a0 \u00a0 \u00a0 \u00a0 \u00a0 \u00a0 \u00a0 \u00a0 \u00a0 \u00a0 \u00a0 \u00a0 \u00a0 \u00a0 \u00a0 \u00a0 \u00a0 \u00a0 \u00a0 \u00a0 \u00a0 \u00a0 \u00a0 \u00a0 \u00a0\u00a0<\/p><p style=\"text-align: center;\">\u00a0<\/p><\/div>\n\t\t\t\t<\/div>\n\t\t\t\t<\/div>\n\t\t\t\t\t\t<\/div>\n\t\t\t<\/div>\n\t\t<\/div>\n\t\t\t\t\t\t<\/div>\n\t\t\t<\/div>\n\t\t<\/section>\n\t\t\t\t\t\t<\/div>\n\t\t\t<\/div>\n\t\t<\/div>\n\t\t","protected":false},"excerpt":{"rendered":"<p>Si necesita m\u00e1s ayuda, complete el siguiente formulario. Paco Jord\u00e1n \u00a9 2020 \u00a0 \u00a0 \u00a0 &hellip;<\/p>\n<p class=\"read-more\"> <a class=\"\" href=\"https:\/\/pacojordan.com\/?page_id=1725\"> <span class=\"screen-reader-text\">Contacto<\/span> Leer m\u00e1s \u00bb<\/a><\/p>\n","protected":false},"author":1,"featured_media":0,"parent":0,"menu_order":0,"comment_status":"closed","ping_status":"closed","template":"","meta":[],"_links":{"self":[{"href":"https:\/\/pacojordan.com\/index.php?rest_route=\/wp\/v2\/pages\/1725"}],"collection":[{"href":"https:\/\/pacojordan.com\/index.php?rest_route=\/wp\/v2\/pages"}],"about":[{"href":"https:\/\/pacojordan.com\/index.php?rest_route=\/wp\/v2\/types\/page"}],"author":[{"embeddable":true,"href":"https:\/\/pacojordan.com\/index.php?rest_route=\/wp\/v2\/users\/1"}],"replies":[{"embeddable":true,"href":"https:\/\/pacojordan.com\/index.php?rest_route=%2Fwp%2Fv2%2Fcomments&post=1725"}],"version-history":[{"count":3,"href":"https:\/\/pacojordan.com\/index.php?rest_route=\/wp\/v2\/pages\/1725\/revisions"}],"predecessor-version":[{"id":1868,"href":"https:\/\/pacojordan.com\/index.php?rest_route=\/wp\/v2\/pages\/1725\/revisions\/1868"}],"wp:attachment":[{"href":"https:\/\/pacojordan.com\/index.php?rest_route=%2Fwp%2Fv2%2Fmedia&parent=1725"}],"curies":[{"name":"wp","href":"https:\/\/api.w.org\/{rel}","templated":true}]}}